{"id":6280,"date":"2023-08-22T15:32:10","date_gmt":"2023-08-22T15:32:10","guid":{"rendered":"https:\/\/lawsonministries.org\/wpbc-booking-received\/"},"modified":"2023-08-22T15:32:10","modified_gmt":"2023-08-22T15:32:10","slug":"wpbc-booking-received","status":"publish","type":"page","link":"https:\/\/lawsonministries.org\/fr\/wpbc-booking-received\/","title":{"rendered":"R\u00e9servation re\u00e7ue"},"content":{"rendered":"<p>Merci pour votre r\u00e9servation. Votre r\u00e9servation a bien \u00e9t\u00e9 prise en compte.<\/p>","protected":false},"excerpt":{"rendered":"<p>Merci pour votre r\u00e9servation. Votre r\u00e9servation a bien \u00e9t\u00e9 prise en compte.<\/p>","protected":false},"author":6,"featured_media":0,"parent":0,"menu_order":0,"comment_status":"closed","ping_status":"closed","template":"","meta":{"footnotes":""},"class_list":["post-6280","page","type-page","status-publish","hentry"],"_links":{"self":[{"href":"https:\/\/lawsonministries.org\/fr\/wp-json\/wp\/v2\/pages\/6280","targetHints":{"allow":["GET"]}}],"collection":[{"href":"https:\/\/lawsonministries.org\/fr\/wp-json\/wp\/v2\/pages"}],"about":[{"href":"https:\/\/lawsonministries.org\/fr\/wp-json\/wp\/v2\/types\/page"}],"author":[{"embeddable":true,"href":"https:\/\/lawsonministries.org\/fr\/wp-json\/wp\/v2\/users\/6"}],"replies":[{"embeddable":true,"href":"https:\/\/lawsonministries.org\/fr\/wp-json\/wp\/v2\/comments?post=6280"}],"version-history":[{"count":0,"href":"https:\/\/lawsonministries.org\/fr\/wp-json\/wp\/v2\/pages\/6280\/revisions"}],"wp:attachment":[{"href":"https:\/\/lawsonministries.org\/fr\/wp-json\/wp\/v2\/media?parent=6280"}],"curies":[{"name":"wp","href":"https:\/\/api.w.org\/{rel}","templated":true}]}}