{"id":4907,"date":"2019-08-26T20:47:10","date_gmt":"2019-08-26T20:47:10","guid":{"rendered":"https:\/\/lawsonmin.wpengine.com\/?page_id=4907"},"modified":"2025-02-03T16:37:50","modified_gmt":"2025-02-03T16:37:50","slug":"spiritual-care","status":"publish","type":"page","link":"https:\/\/lawsonministries.org\/fr\/spiritual-care\/","title":{"rendered":"Soins spirituels"},"content":{"rendered":"<div data-elementor-type=\"wp-post\" data-elementor-id=\"4907\" class=\"elementor elementor-4907\" data-elementor-settings=\"[]\">\n\t\t\t\t\t\t<div class=\"elementor-inner\">\n\t\t\t\t\t\t\t<div class=\"elementor-section-wrap\">\n\t\t\t\t\t\t\t<section class=\"elementor-section elementor-top-section elementor-element elementor-element-99017d9 elementor-section-boxed elementor-section-height-default elementor-section-height-default\" data-id=\"99017d9\" data-element_type=\"section\">\n\t\t\t\t\t\t<div class=\"elementor-container elementor-column-gap-default\">\n\t\t\t\t\t\t\t<div class=\"elementor-row\">\n\t\t\t\t\t<div class=\"elementor-column elementor-col-100 elementor-top-column elementor-element elementor-element-b659d5a column-style-top column-top\" data-id=\"b659d5a\" data-element_type=\"column\">\n\t\t\t<div class=\"elementor-column-wrap elementor-element-populated\">\n\t\t\t\t\t\t\t<div class=\"elementor-widget-wrap\">\n\t\t\t\t\t\t<div class=\"elementor-element elementor-element-f47231a elementor-widget elementor-widget-spacer\" data-id=\"f47231a\" data-element_type=\"widget\" data-widget_type=\"spacer.default\">\n\t\t\t\t<div class=\"elementor-widget-container\">\n\t\t\t\t\t<div class=\"elementor-spacer\">\n\t\t\t<div class=\"elementor-spacer-inner\"><\/div>\n\t\t<\/div>\n\t\t\t\t<\/div>\n\t\t\t\t<\/div>\n\t\t\t\t<div class=\"elementor-element elementor-element-8624376 elementor-widget elementor-widget-heading\" data-id=\"8624376\" data-element_type=\"widget\" data-widget_type=\"heading.default\">\n\t\t\t\t<div class=\"elementor-widget-container\">\n\t\t\t<h2 class=\"elementor-heading-title elementor-size-default\">Soins spirituels<\/h2>\t\t<\/div>\n\t\t\t\t<\/div>\n\t\t\t\t\t\t<\/div>\n\t\t\t\t\t<\/div>\n\t\t<\/div>\n\t\t\t\t\t\t\t\t<\/div>\n\t\t\t\t\t<\/div>\n\t\t<\/section>\n\t\t\t\t<section class=\"elementor-section elementor-top-section elementor-element elementor-element-3325cd4 elementor-section-boxed elementor-section-height-default elementor-section-height-default\" data-id=\"3325cd4\" data-element_type=\"section\">\n\t\t\t\t\t\t<div class=\"elementor-container elementor-column-gap-default\">\n\t\t\t\t\t\t\t<div class=\"elementor-row\">\n\t\t\t\t\t<div class=\"elementor-column elementor-col-100 elementor-top-column elementor-element elementor-element-4b5b7be column-style-top column-top\" data-id=\"4b5b7be\" data-element_type=\"column\">\n\t\t\t<div class=\"elementor-column-wrap elementor-element-populated\">\n\t\t\t\t\t\t\t<div class=\"elementor-widget-wrap\">\n\t\t\t\t\t\t<div class=\"elementor-element elementor-element-dd2f434 elementor-widget elementor-widget-spacer\" data-id=\"dd2f434\" data-element_type=\"widget\" data-widget_type=\"spacer.default\">\n\t\t\t\t<div class=\"elementor-widget-container\">\n\t\t\t\t\t<div class=\"elementor-spacer\">\n\t\t\t<div class=\"elementor-spacer-inner\"><\/div>\n\t\t<\/div>\n\t\t\t\t<\/div>\n\t\t\t\t<\/div>\n\t\t\t\t\t\t<\/div>\n\t\t\t\t\t<\/div>\n\t\t<\/div>\n\t\t\t\t\t\t\t\t<\/div>\n\t\t\t\t\t<\/div>\n\t\t<\/section>\n\t\t\t\t<section class=\"elementor-section elementor-top-section elementor-element elementor-element-756367b elementor-section-boxed elementor-section-height-default elementor-section-height-default\" data-id=\"756367b\" data-element_type=\"section\">\n\t\t\t\t\t\t<div class=\"elementor-container elementor-column-gap-default\">\n\t\t\t\t\t\t\t<div class=\"elementor-row\">\n\t\t\t\t\t<div class=\"elementor-column elementor-col-66 elementor-top-column elementor-element elementor-element-bb5349c column-style-top column-top\" data-id=\"bb5349c\" data-element_type=\"column\">\n\t\t\t<div class=\"elementor-column-wrap elementor-element-populated\">\n\t\t\t\t\t\t\t<div class=\"elementor-widget-wrap\">\n\t\t\t\t\t\t<div class=\"elementor-element elementor-element-4a4ec4a elementor-widget elementor-widget-text-editor\" data-id=\"4a4ec4a\" data-element_type=\"widget\" data-widget_type=\"text-editor.default\">\n\t\t\t\t<div class=\"elementor-widget-container\">\n\t\t\t\t\t\t\t\t<div class=\"elementor-text-editor elementor-clearfix\">\n\t\t\t\t<div id=\"block-c203dd1d2a2a1c6c552a\" class=\"sqs-block html-block sqs-block-html\" data-block-type=\"2\"><p class=\"sqs-block-content\"><span style=\"color: #000000;\">Notre aum\u00f4nier \u00e0 Lawson Ministries Hamilton est le r\u00e9v\u00e9rend Dora Keeping, qui a plus de vingt ans d&#039;exp\u00e9rience dans les services minist\u00e9riels au sein de l&#039;Arm\u00e9e du Salut en Ontario et au Manitoba. <\/span><\/p><p class=\"sqs-block-content\"><span style=\"color: #000000;\">Dora a \u00e9t\u00e9 pasteure de trois \u00e9glises et a travaill\u00e9 dans le milieu carc\u00e9ral, tant au tribunal que dans des centres de d\u00e9tention. Son minist\u00e8re aupr\u00e8s d&#039;adultes handicap\u00e9s lui a appris davantage sur les gens qu&#039;elle ne pourrait jamais apprendre \u00e0 l&#039;\u00e9cole, et ces le\u00e7ons de vie sont plus pr\u00e9cieuses que l&#039;or. Dora ressent une joie de se r\u00e9veiller chaque matin et de toucher une vie avec l&#039;amour et la compassion de Dieu, et d&#039;\u00eatre plus b\u00e9nie par les personnes qu&#039;elle rencontre que par tout ce qu&#039;elle peut leur offrir. <\/span><\/p><p class=\"sqs-block-content\"><span style=\"color: #000000;\">Dora est disponible pour des pri\u00e8res, des visites pastorales et des discussions, ainsi que pour c\u00e9l\u00e9brer des mariages, des c\u00e9r\u00e9monies comm\u00e9moratives, des fun\u00e9railles et des bapt\u00eames. Pour l&#039;accompagnement spirituel, Dora propose des services d&#039;aum\u00f4nerie aux personnes que nous accompagnons, \u00e0 leurs familles et au personnel qui le souhaitent. Elle est disponible pour des rencontres individuelles ou en groupe.<\/span><\/p><p class=\"sqs-block-content\"><span style=\"color: #000000;\">Si vous avez besoin de soins spirituels d\u2019urgence, Dora est disponible sur appel.\u00a0<\/span><\/p><p class=\"sqs-block-content\"><span style=\"color: #000000;\">N&#039;h\u00e9sitez pas \u00e0 la contacter directement si vous avez des besoins spirituels.\u00a0<\/span><\/p><\/div>\t\t\t\t\t<\/div>\n\t\t\t\t\t\t<\/div>\n\t\t\t\t<\/div>\n\t\t\t\t<div class=\"elementor-element elementor-element-66416f3 elementor-widget elementor-widget-text-editor\" data-id=\"66416f3\" data-element_type=\"widget\" data-widget_type=\"text-editor.default\">\n\t\t\t\t<div class=\"elementor-widget-container\">\n\t\t\t\t\t\t\t\t<div class=\"elementor-text-editor elementor-clearfix\">\n\t\t\t\t<p class=\"preFade fadeIn\"><span style=\"color: #000000;\">Soins spirituels :<\/span><\/p>\n<ul data-rte-list=\"default\">\n<li>\n<p class=\"preFade fadeIn\"><span style=\"color: rgb(0, 0, 0); font-family: var( --e-global-typography-text-font-family ), Sans-serif; font-weight: var( --e-global-typography-text-font-weight );\">L&#039;\u00e9ducation chr\u00e9tienne a lieu au 333, rue King, le mardi. Nous y apprenons activement \u00e0 conna\u00eetre Dieu et nous-m\u00eames \u00e0 travers des r\u00e9cits bibliques, des chants et des moments de communion fraternelle. Tous les membres du personnel, r\u00e9sidents et participants sont les bienvenus.&nbsp;<\/span><\/p><\/li>\n<\/ul>\n<ul data-rte-list=\"default\">\n<li>\n<p class=\"preFade fadeIn\"><font color=\"#000000\">Visites mensuelles au magasin d&#039;aubaines Caledonia pour \u00e9tablir des relations avec le personnel et offrir un soutien par la pri\u00e8re, le cas \u00e9ch\u00e9ant.&nbsp;<\/font><\/p><\/li>\n<li>\n<p class=\"preFade fadeIn\"><span style=\"color: #000000;\">Des services sp\u00e9ciaux sont organis\u00e9s \u00e0 No\u00ebl (No\u00ebl aux chandelles et No\u00ebl bleu), le Vendredi saint, P\u00e2ques, la marche des t\u00e9moins et d&#039;autres \u00e9v\u00e9nements sp\u00e9ciaux pour Partenaires en Mission. Consultez r\u00e9guli\u00e8rement notre page \u00c9v\u00e9nements pour conna\u00eetre les horaires et les dates.&nbsp;<\/span><\/p><\/li>\n<\/ul>\t\t\t\t\t<\/div>\n\t\t\t\t\t\t<\/div>\n\t\t\t\t<\/div>\n\t\t\t\t\t\t<\/div>\n\t\t\t\t\t<\/div>\n\t\t<\/div>\n\t\t\t\t<div class=\"elementor-column elementor-col-33 elementor-top-column elementor-element elementor-element-a551e4d column-style-top column-top\" data-id=\"a551e4d\" data-element_type=\"column\">\n\t\t\t<div class=\"elementor-column-wrap elementor-element-populated\">\n\t\t\t\t\t\t\t<div class=\"elementor-widget-wrap\">\n\t\t\t\t\t\t<div class=\"elementor-element elementor-element-bc9fbca elementor-widget elementor-widget-image\" data-id=\"bc9fbca\" data-element_type=\"widget\" data-widget_type=\"image.default\">\n\t\t\t\t<div class=\"elementor-widget-container\">\n\t\t\t\t\t\t\t\t<div class=\"elementor-image\">\n\t\t\t\t\t\t\t\t\t\t\t\t<img loading=\"lazy\" decoding=\"async\" width=\"494\" height=\"621\" src=\"https:\/\/lawsonministries.org\/wp-content\/uploads\/2015\/12\/dora-keeping.png\" class=\"attachment-large size-large\" alt=\"\" \/>\t\t\t\t\t\t\t\t\t\t\t\t\t\t<\/div>\n\t\t\t\t\t\t<\/div>\n\t\t\t\t<\/div>\n\t\t\t\t<div class=\"elementor-element elementor-element-53b9d62 elementor-widget elementor-widget-text-editor\" data-id=\"53b9d62\" data-element_type=\"widget\" data-widget_type=\"text-editor.default\">\n\t\t\t\t<div class=\"elementor-widget-container\">\n\t\t\t\t\t\t\t\t<div class=\"elementor-text-editor elementor-clearfix\">\n\t\t\t\t<p class=\"preFade fadeIn\"><span style=\"color: #000000;\">Pour plus d&#039;informations, veuillez contacter :<\/span><\/p><p class=\"preFade fadeIn\"><span style=\"color: #000000;\"><strong>R\u00e9v\u00e9rende Dora Keeping<\/strong><\/span><\/p><p class=\"preFade fadeIn\"><span style=\"color: #000000;\"><a style=\"color: #000000;\" href=\"mailto:dorakeeping@lawsonministries.org\" target=\"_blank\" rel=\"noopener\">dorakeeping@lawsonministries.org<\/a><\/span><br \/><span style=\"color: #000000;\"><strong>289-682-2557<\/strong><\/span><\/p>\t\t\t\t\t<\/div>\n\t\t\t\t\t\t<\/div>\n\t\t\t\t<\/div>\n\t\t\t\t\t\t<\/div>\n\t\t\t\t\t<\/div>\n\t\t<\/div>\n\t\t\t\t\t\t\t\t<\/div>\n\t\t\t\t\t<\/div>\n\t\t<\/section>\n\t\t\t\t<section class=\"elementor-section elementor-top-section elementor-element elementor-element-761764d elementor-section-boxed elementor-section-height-default elementor-section-height-default\" data-id=\"761764d\" data-element_type=\"section\">\n\t\t\t\t\t\t<div class=\"elementor-container elementor-column-gap-default\">\n\t\t\t\t\t\t\t<div class=\"elementor-row\">\n\t\t\t\t\t<div class=\"elementor-column elementor-col-100 elementor-top-column elementor-element elementor-element-c194b04 column-style-top column-top\" data-id=\"c194b04\" data-element_type=\"column\">\n\t\t\t<div class=\"elementor-column-wrap elementor-element-populated\">\n\t\t\t\t\t\t\t<div class=\"elementor-widget-wrap\">\n\t\t\t\t\t\t<div class=\"elementor-element elementor-element-8d80841 elementor-widget elementor-widget-text-editor\" data-id=\"8d80841\" data-element_type=\"widget\" data-widget_type=\"text-editor.default\">\n\t\t\t\t<div class=\"elementor-widget-container\">\n\t\t\t\t\t\t\t\t<div class=\"elementor-text-editor elementor-clearfix\">\n\t\t\t\t<p>La mission du programme de soins spirituels et religieux du minist\u00e8re Lawson est de r\u00e9pondre aux besoins spirituels, physiques et \u00e9motionnels des participants, du personnel, des b\u00e9n\u00e9voles et de leurs familles, et de d\u00e9velopper des relations avec les diff\u00e9rents minist\u00e8res et prestataires de services de la communaut\u00e9 de Hamilton.\u00a0<\/p>\t\t\t\t\t<\/div>\n\t\t\t\t\t\t<\/div>\n\t\t\t\t<\/div>\n\t\t\t\t\t\t<\/div>\n\t\t\t\t\t<\/div>\n\t\t<\/div>\n\t\t\t\t\t\t\t\t<\/div>\n\t\t\t\t\t<\/div>\n\t\t<\/section>\n\t\t\t\t<section class=\"elementor-section elementor-top-section elementor-element elementor-element-72ee2b0 elementor-section-boxed elementor-section-height-default elementor-section-height-default\" data-id=\"72ee2b0\" data-element_type=\"section\">\n\t\t\t\t\t\t<div class=\"elementor-container elementor-column-gap-default\">\n\t\t\t\t\t\t\t<div class=\"elementor-row\">\n\t\t\t\t\t<div class=\"elementor-column elementor-col-100 elementor-top-column elementor-element elementor-element-def0942 column-style-top column-top\" data-id=\"def0942\" data-element_type=\"column\">\n\t\t\t<div class=\"elementor-column-wrap elementor-element-populated\">\n\t\t\t\t\t\t\t<div class=\"elementor-widget-wrap\">\n\t\t\t\t\t\t<div class=\"elementor-element elementor-element-883f78b elementor-align-center elementor-widget elementor-widget-button\" data-id=\"883f78b\" data-element_type=\"widget\" data-widget_type=\"button.default\">\n\t\t\t\t<div class=\"elementor-widget-container\">\n\t\t\t\t\t<div class=\"elementor-button-wrapper\">\n\t\t\t<a href=\"https:\/\/lawsonministries.org\/fr\/what-we-offer\/\" class=\"elementor-button-link elementor-button elementor-size-lg\" role=\"button\">\n\t\t\t\t\t\t<span class=\"elementor-button-content-wrapper\">\n\t\t\t\t\t\t<span class=\"elementor-button-text\">Retour \u00e0 ce que nous offrons<\/span>\n\t\t<\/span>\n\t\t\t\t\t<\/a>\n\t\t<\/div>\n\t\t\t\t<\/div>\n\t\t\t\t<\/div>\n\t\t\t\t\t\t<\/div>\n\t\t\t\t\t<\/div>\n\t\t<\/div>\n\t\t\t\t\t\t\t\t<\/div>\n\t\t\t\t\t<\/div>\n\t\t<\/section>\n\t\t\t\t<section class=\"elementor-section elementor-top-section elementor-element elementor-element-8dc921b elementor-section-boxed elementor-section-height-default elementor-section-height-default\" data-id=\"8dc921b\" data-element_type=\"section\">\n\t\t\t\t\t\t<div class=\"elementor-container elementor-column-gap-default\">\n\t\t\t\t\t\t\t<div class=\"elementor-row\">\n\t\t\t\t\t<div class=\"elementor-column elementor-col-100 elementor-top-column elementor-element elementor-element-047bdc7 column-style-top column-top\" data-id=\"047bdc7\" data-element_type=\"column\">\n\t\t\t<div class=\"elementor-column-wrap elementor-element-populated\">\n\t\t\t\t\t\t\t<div class=\"elementor-widget-wrap\">\n\t\t\t\t\t\t<div class=\"elementor-element elementor-element-0b6a790 elementor-widget elementor-widget-spacer\" data-id=\"0b6a790\" data-element_type=\"widget\" data-widget_type=\"spacer.default\">\n\t\t\t\t<div class=\"elementor-widget-container\">\n\t\t\t\t\t<div class=\"elementor-spacer\">\n\t\t\t<div class=\"elementor-spacer-inner\"><\/div>\n\t\t<\/div>\n\t\t\t\t<\/div>\n\t\t\t\t<\/div>\n\t\t\t\t\t\t<\/div>\n\t\t\t\t\t<\/div>\n\t\t<\/div>\n\t\t\t\t\t\t\t\t<\/div>\n\t\t\t\t\t<\/div>\n\t\t<\/section>\n\t\t\t\t\t\t<\/div>\n\t\t\t\t\t\t<\/div>\n\t\t\t\t\t<\/div>","protected":false},"excerpt":{"rendered":"<p>Spiritual Care Our Chaplain at Lawson Ministries Hamilton is Rev. Dora Keeping, who has over twenty years of experience in ministry services within The Salvation Army in Ontario and Manitoba. Dora has pastored three churches and worked in corrections, both in court and detention centres. Her ministry work ministering to adults with disabilities has taught [&hellip;]<\/p>","protected":false},"author":3,"featured_media":0,"parent":0,"menu_order":0,"comment_status":"closed","ping_status":"closed","template":"","meta":{"footnotes":""},"class_list":["post-4907","page","type-page","status-publish","hentry"],"_links":{"self":[{"href":"https:\/\/lawsonministries.org\/fr\/wp-json\/wp\/v2\/pages\/4907","targetHints":{"allow":["GET"]}}],"collection":[{"href":"https:\/\/lawsonministries.org\/fr\/wp-json\/wp\/v2\/pages"}],"about":[{"href":"https:\/\/lawsonministries.org\/fr\/wp-json\/wp\/v2\/types\/page"}],"author":[{"embeddable":true,"href":"https:\/\/lawsonministries.org\/fr\/wp-json\/wp\/v2\/users\/3"}],"replies":[{"embeddable":true,"href":"https:\/\/lawsonministries.org\/fr\/wp-json\/wp\/v2\/comments?post=4907"}],"version-history":[{"count":0,"href":"https:\/\/lawsonministries.org\/fr\/wp-json\/wp\/v2\/pages\/4907\/revisions"}],"wp:attachment":[{"href":"https:\/\/lawsonministries.org\/fr\/wp-json\/wp\/v2\/media?parent=4907"}],"curies":[{"name":"wp","href":"https:\/\/api.w.org\/{rel}","templated":true}]}}